{"id":4,"date":"2015-03-07T12:50:26","date_gmt":"2015-03-07T12:50:26","guid":{"rendered":"http:\/\/sobien.com.pl\/?page_id=4"},"modified":"2015-03-10T17:11:22","modified_gmt":"2015-03-10T17:11:22","slug":"o-nas","status":"publish","type":"page","link":"https:\/\/sobien.com.pl\/","title":{"rendered":"O nas"},"content":{"rendered":"<p><img decoding=\"async\" loading=\"lazy\" class=\"aligncenter wp-image-5\" style=\"border: none;\" src=\"http:\/\/sobien.com.pl\/wp-content\/uploads\/2015\/03\/baner3.jpg\" alt=\"\" width=\"491\" height=\"162\" srcset=\"https:\/\/sobien.com.pl\/wp-content\/uploads\/2015\/03\/baner3.jpg 491w, https:\/\/sobien.com.pl\/wp-content\/uploads\/2015\/03\/baner3-300x98.jpg 300w, https:\/\/sobien.com.pl\/wp-content\/uploads\/2015\/03\/baner3-210x69.jpg 210w\" sizes=\"(max-width: 491px) 100vw, 491px\" \/><\/p>\n<blockquote><p>Historia zaczyna si\u0119 oko\u0142o 20 lat temu, kiedy to wraz z \u017con\u0105 postanowili\u015bmy poszerzy\u0107 nasz\u0105 pasje do ro\u015blin o dzia\u0142alno\u015b\u0107 gospodarcz\u0105. Na pocz\u0105tku byli\u015bmy ma\u0142o znacz\u0105c\u0105 firm\u0105, po\u0142o\u017con\u0105 &#8222;gdzie\u015b &#8221; na skraju \u0141odzi, lecz z biegiem czasu i dzi\u0119ki wytrwa\u0142o\u015bci w d\u0105\u017ceniu do celu stali\u015bmy si\u0119 dobrze prosperuj\u0105c\u0105 firm\u0105 oraz zyskali\u015bmy du\u017ce zaufanie u naszych klient\u00f3w. Teraz po tych 20 latach <strong>s\u0142yniemy w \u015brodowisku dzia\u0142kowc\u00f3w i ogrodnik\u00f3w z profesjonalnego podej\u015bcia do bran\u017cy oraz klienta.<\/strong> Ze wzgl\u0119du na dogodne po\u0142o\u017cenie naszej szk\u00f3\u0142ki, na obrze\u017cach \u0141odzi, nasze ro\u015bliny &#8222;chowaj\u0105&#8221; si\u0119 w bardzo sprzyjaj\u0105cych warunkach. Ka\u017cda ro\u015blina jest przesadzana i piel\u0119gnowana przez nasze w\u0142asne r\u0119ce. Nie ma tutaj mowy o \u017cadnej mechanizacji, co jest zdecydowanie zalet\u0105, gdy\u017c mimo wi\u0119cej po\u015bwieconemu czasu mamy pewno\u015b\u0107, \u017ce nasze ro\u015bliny s\u0105 odpowiednio przygotowane do sprzeda\u017cy dla Pa\u0144stwa, co jednocze\u015bnie stanowi dla Was <strong>gwarancj\u0119 jako\u015bci.<\/strong><br \/>\nU nas macie Pa\u0144stwo gwarancj\u0119, \u017ce ka\u017cda ro\u015blina od sadzonki, by\u0142a <strong>hodowana w odpowiednim dla niej klimacie, jednocze\u015bnie zahartowana i przyzwyczajona do cz\u0119stych jego &#8222;wybryk\u00f3w&#8221;<\/strong>, ta w\u0142a\u015bnie cecha w po\u0142\u0105czeniu z nasz\u0105 <strong>profesjonaln\u0105 porad\u0105<\/strong> co do hodowli, stanowi\u0105 gwarancje na d\u0142ug\u0105 pociech\u0119 z tych\u017ce ro\u015blin.<br \/>\nZapraszam Pa\u0144stwa do dzia\u0142u &#8222;Oferta&#8221;, gdzie zapoznacie si\u0119 z nasz\u0105 specjalizacj\u0105 oraz ofert\u0105. Zach\u0119cam r\u00f3wnie\u017c do odwiedzenia podstrony &#8222;galeria&#8221;. W galerii mo\u017cecie Pa\u0144stwo obejrze\u0107 fotografie z udzia\u0142em naszych ro\u015blin oraz zapozna\u0107 si\u0119 wizualnie z nasz\u0105 szk\u00f3\u0142k\u0105.<\/p><\/blockquote>\n<p style=\"text-align: right;\">Zapraszam, Edward Sobie\u0144<\/p>\n","protected":false},"excerpt":{"rendered":"<p>Historia zaczyna si\u0119 oko\u0142o 20 lat temu, kiedy to wraz z \u017con\u0105 postanowili\u015bmy poszerzy\u0107 nasz\u0105 pasje do ro\u015blin o dzia\u0142alno\u015b\u0107 gospodarcz\u0105. Na pocz\u0105tku byli\u015bmy ma\u0142o znacz\u0105c\u0105 firm\u0105, po\u0142o\u017con\u0105 &#8222;gdzie\u015b &#8221; &hellip; <a class=\"readmore\" href=\"https:\/\/sobien.com.pl\/\">Continue Reading &rarr;<\/a><\/p>\n","protected":false},"author":1,"featured_media":0,"parent":0,"menu_order":1,"comment_status":"open","ping_status":"open","template":"","meta":[],"_links":{"self":[{"href":"https:\/\/sobien.com.pl\/index.php?rest_route=\/wp\/v2\/pages\/4"}],"collection":[{"href":"https:\/\/sobien.com.pl\/index.php?rest_route=\/wp\/v2\/pages"}],"about":[{"href":"https:\/\/sobien.com.pl\/index.php?rest_route=\/wp\/v2\/types\/page"}],"author":[{"embeddable":true,"href":"https:\/\/sobien.com.pl\/index.php?rest_route=\/wp\/v2\/users\/1"}],"replies":[{"embeddable":true,"href":"https:\/\/sobien.com.pl\/index.php?rest_route=%2Fwp%2Fv2%2Fcomments&post=4"}],"version-history":[{"count":6,"href":"https:\/\/sobien.com.pl\/index.php?rest_route=\/wp\/v2\/pages\/4\/revisions"}],"predecessor-version":[{"id":392,"href":"https:\/\/sobien.com.pl\/index.php?rest_route=\/wp\/v2\/pages\/4\/revisions\/392"}],"wp:attachment":[{"href":"https:\/\/sobien.com.pl\/index.php?rest_route=%2Fwp%2Fv2%2Fmedia&parent=4"}],"curies":[{"name":"wp","href":"https:\/\/api.w.org\/{rel}","templated":true}]}}